{"id":2780,"date":"2021-05-19T04:59:30","date_gmt":"2021-05-19T04:59:30","guid":{"rendered":"https:\/\/farbton.co.at\/testumgebung\/?page_id=2780"},"modified":"2025-11-03T17:27:15","modified_gmt":"2025-11-03T17:27:15","slug":"impressum","status":"publish","type":"page","link":"https:\/\/www.gitarrenunterrichtwien.fun\/index.php\/impressum\/","title":{"rendered":"Impressum"},"content":{"rendered":"<p>[et_pb_section fb_built=&#8221;1&#8243; admin_label=&#8221;section&#8221; _builder_version=&#8221;4.16&#8243; global_colors_info=&#8221;{}&#8221;][et_pb_row admin_label=&#8221;row&#8221; _builder_version=&#8221;4.16&#8243; background_size=&#8221;initial&#8221; background_position=&#8221;top_left&#8221; background_repeat=&#8221;repeat&#8221; global_colors_info=&#8221;{}&#8221;][et_pb_column type=&#8221;4_4&#8243; _builder_version=&#8221;4.16&#8243; custom_padding=&#8221;|||&#8221; global_colors_info=&#8221;{}&#8221; custom_padding__hover=&#8221;|||&#8221;][et_pb_text admin_label=&#8221;Text&#8221; _builder_version=&#8221;4.27.4&#8243; background_size=&#8221;initial&#8221; background_position=&#8221;top_left&#8221; background_repeat=&#8221;repeat&#8221; custom_padding=&#8221;100px||||false|false&#8221; hover_enabled=&#8221;0&#8243; global_colors_info=&#8221;{}&#8221; sticky_enabled=&#8221;0&#8243;]<\/p>\n<p>&nbsp;<\/p>\n<h1><strong>Impressum<\/strong><\/h1>\n<p>Informationspflicht laut \u00a75 E-Commerce Gesetz, \u00a714 Unternehmensgesetzbuch, \u00a763 Gewerbeordnung und Offenlegungspflicht laut \u00a725 Mediengesetz.<\/p>\n<p>farbTon KG<br \/>Columbusgasse 104\/8<br \/>1100 Wien,<br \/>\u00d6sterreich<\/p>\n<p><strong>Unternehmensgegenstand:<\/strong> Tonstudio, Werbeagentur<br \/><strong>UID-Nummer:<\/strong> ATU64076822\u2028 <strong>GLN:<\/strong> 9110017229606\u2028 <strong>GISA:<\/strong> 29933334\u2028 <strong>Firmenbuchnummer:<\/strong> 307718b\u2028 <strong>Firmenbuchgericht:<\/strong> Wien\u2028 <strong>Firmensitz:<\/strong> Wien<\/p>\n<p><strong>E-Mail:<\/strong> <a href=\"mailto:abraham@farbton.co.at\">abraham@farbton.co.at<\/a><\/p>\n<p><strong>Mitglied bei:<\/strong> WKO-Wien\u2028 <strong>Berufsrecht:<\/strong> Gewerbeordnung: www.ris.bka.gv.at<\/p>\n<p><strong>Aufsichtsbeh\u00f6rde\/Gewerbebeh\u00f6rde:<\/strong> Bezirkshauptmannschaft Wien<\/p>\n<p><strong>Berufsbezeichnung:<\/strong> Musiker \/ Grafiker<\/p>\n<p><strong>Verleihungsstaat:<\/strong> \u00d6sterreich<\/p>\n<p><strong>Vertretungsbefugte und pers\u00f6nlich haftende Gesellschafter<\/strong> \u2028Mag. Andreas Abraham<\/p>\n<p><strong>Beteiligungsverh\u00e4ltnisse<\/strong> \u2028Gesellschafter Mag. Andreas Abraham 99%, Karin Tischler-Abraham 1%<\/p>\n<p><strong>Kontaktdaten des Verantwortlichen f\u00fcr Datenschutz<\/strong> \u2028Sollten Sie Fragen zum Datenschutz haben, finden Sie nachfolgend die Kontaktdaten der verantwortlichen Person bzw. Stelle:<br \/>farbTon KG, \u2028Columbusgasse 104\/8, 1100 Wien, \u00d6sterreich<br \/>E-Mail-Adresse: <a href=\"applewebdata:\/\/0879776F-9999-47DB-8D8E-2B60E5A34A12\/abraham@farbton.co.at\">abraham@farbton.co.at<\/a><br \/>Telefon: 06649682660<br \/>Impressum: <a href=\"https:\/\/www.farbton.at\/impressum\/\">https:\/\/www.farbton.at\/impressum\/<\/a><br \/>Quelle: Erstellt mit dem <a href=\"https:\/\/www.adsimple.at\/impressum-generator\/\">Impressum Generator<\/a> von AdSimple<\/p>\n<p><strong>EU-Streitschlichtung<\/strong><\/p>\n<p>Gem\u00e4\u00df Verordnung \u00fcber Online-Streitbeilegung in Verbraucherangelegenheiten (ODR-Verordnung) m\u00f6chten wir Sie \u00fcber die Online-Streitbeilegungsplattform (OS-Plattform) informieren.\u2028Verbraucher haben die M\u00f6glichkeit, Beschwerden an die Online Streitbeilegungsplattform der Europ\u00e4ischen Kommission unter <a href=\"https:\/\/ec.europa.eu\/consumers\/odr\/main\/index.cfm?event=main.home2.show&amp;lng=DE\">http:\/\/ec.europa.eu\/odr?tid=121763126<\/a> zu richten. Die daf\u00fcr notwendigen Kontaktdaten finden Sie oberhalb in unserem Impressum.<\/p>\n<p>Wir m\u00f6chten Sie jedoch darauf hinweisen, dass wir nicht bereit oder verpflichtet sind, an Streitbeilegungsverfahren vor einer Verbraucherschlichtungsstelle teilzunehmen.<\/p>\n<p><strong>Haftung f\u00fcr Inhalte dieser Website<\/strong><\/p>\n<p>Wir entwickeln die Inhalte dieser Webseite st\u00e4ndig weiter und bem\u00fchen uns korrekte und aktuelle Informationen bereitzustellen. \u00a0Leider k\u00f6nnen wir keine Haftung f\u00fcr die Korrektheit aller Inhalte auf dieser Website \u00fcbernehmen, speziell f\u00fcr jene, die seitens Dritter bereitgestellt wurden. Als Diensteanbieter sind wir nicht verpflichtet, die von ihnen \u00fcbermittelten oder gespeicherten Informationen zu \u00fcberwachen oder nach Umst\u00e4nden zu forschen, die auf eine rechtswidrige T\u00e4tigkeit hinweisen.<\/p>\n<p>Unsere Verpflichtungen zur Entfernung von Informationen oder zur Sperrung der Nutzung von Informationen nach den allgemeinen Gesetzen aufgrund von gerichtlichen oder beh\u00f6rdlichen Anordnungen bleiben auch im Falle unserer Nichtverantwortlichkeit davon unber\u00fchrt.<\/p>\n<p>Sollten Ihnen problematische oder rechtswidrige Inhalte auffallen, bitte wir Sie uns umgehend zu kontaktieren, damit wir die rechtswidrigen Inhalte entfernen k\u00f6nnen. Sie finden die Kontaktdaten im Impressum.<\/p>\n<p><strong>Haftung f\u00fcr Links auf dieser Webseite<\/strong><\/p>\n<p>Unsere Webseite enth\u00e4lt Links zu anderen Webseiten f\u00fcr deren Inhalt wir nicht verantwortlich sind. Haftung f\u00fcr verlinkte Websites besteht f\u00fcr uns nicht, da wir keine Kenntnis rechtswidriger T\u00e4tigkeiten hatten und haben, uns solche Rechtswidrigkeiten auch bisher nicht aufgefallen sind und wir Links sofort entfernen w\u00fcrden, wenn uns Rechtswidrigkeiten bekannt werden.<\/p>\n<p>Wenn Ihnen rechtswidrige Links auf unserer Website auffallen, bitte wir Sie uns zu kontaktieren. Sie finden die Kontaktdaten im Impressum.<\/p>\n<p><strong>Urheberrechtshinweis<\/strong><\/p>\n<p>Alle Inhalte dieser Webseite (Bilder, Fotos, Texte, Videos) unterliegen dem Urheberrecht. Bitte fragen Sie uns bevor Sie die Inhalte dieser Website verbreiten, vervielf\u00e4ltigen oder verwerten wie zum Beispiel auf anderen Websites erneut ver\u00f6ffentlichen. Falls notwendig, werden wir die unerlaubte Nutzung von Teilen der Inhalte unserer Seite rechtlich verfolgen.<\/p>\n<p>Sollten Sie auf dieser Webseite Inhalte finden, die das Urheberrecht verletzen, bitten wir Sie uns zu kontaktieren.<\/p>\n<p><strong>Bildernachweis<\/strong><\/p>\n<p>Die Bilder, Fotos und Grafiken auf dieser Webseite sind urheberrechtlich gesch\u00fctzt.<\/p>\n<p>Die Bilderrechte liegen bei den folgenden Fotografen und Unternehmen:<\/p>\n<ul>\n<li>shutterstock<\/li>\n<li>Drew Patrick Miller \/ unsplash<\/li>\n<li>Jisu Han \/ unsplash<\/li>\n<li>Alexey ruban \/ unsplash<\/li>\n<li>Will Francis \/ unsplash<\/li>\n<\/ul>\n<p>[\/et_pb_text][\/et_pb_column][\/et_pb_row][\/et_pb_section]<\/p>\n","protected":false},"excerpt":{"rendered":"<p>&nbsp; Impressum Informationspflicht laut \u00a75 E-Commerce Gesetz, \u00a714 Unternehmensgesetzbuch, \u00a763 Gewerbeordnung und Offenlegungspflicht laut \u00a725 Mediengesetz. farbTon KGColumbusgasse 104\/81100 Wien,\u00d6sterreich Unternehmensgegenstand: Tonstudio, WerbeagenturUID-Nummer: ATU64076822\u2028 GLN: 9110017229606\u2028 GISA: 29933334\u2028 Firmenbuchnummer: 307718b\u2028 Firmenbuchgericht: Wien\u2028 Firmensitz: Wien E-Mail: abraham@farbton.co.at Mitglied bei: WKO-Wien\u2028 Berufsrecht: Gewerbeordnung: www.ris.bka.gv.at Aufsichtsbeh\u00f6rde\/Gewerbebeh\u00f6rde: Bezirkshauptmannschaft Wien Berufsbezeichnung: Musiker \/ Grafiker Verleihungsstaat: \u00d6sterreich Vertretungsbefugte und pers\u00f6nlich haftende [&hellip;]<\/p>\n","protected":false},"author":1,"featured_media":0,"parent":0,"menu_order":0,"comment_status":"closed","ping_status":"closed","template":"","meta":{"_et_pb_use_builder":"on","_et_pb_old_content":"\u00a0\r\n<h1><strong>Impressum<\/strong><\/h1>\r\nInformationspflicht laut \u00a75 E-Commerce Gesetz, \u00a714 Unternehmensgesetzbuch, \u00a763 Gewerbeordnung und Offenlegungspflicht laut \u00a725 Mediengesetz.\r\n\r\nfarbTon KG\r\nSimmeringer Hauptstra\u00dfe 133, Hof,\r\n1110 Wien,\r\n\u00d6sterreich\r\n\r\n<strong>Unternehmensgegenstand:<\/strong> Tonstudio, Werbeagentur\r\n<strong>UID-Nummer:<\/strong> ATU64076822\u2028 <strong>GLN:<\/strong> 9110017229606\u2028 <strong>GISA:<\/strong> 29933334\u2028 <strong>Firmenbuchnummer:<\/strong> 307718b\u2028 <strong>Firmenbuchgericht:<\/strong> Wien\u2028 <strong>Firmensitz:<\/strong> Wien\r\n\r\n<strong>Tel.:<\/strong> 01\/7488877\u2028<strong>E-Mail:<\/strong> <a href=\"mailto:abraham@farbton.co.at\">abraham@farbton.co.at<\/a>\r\n\r\n<strong>Mitglied bei:<\/strong> WKO-Wien\u2028 <strong>Berufsrecht:<\/strong> Gewerbeordnung: www.ris.bka.gv.at\r\n\r\n<strong>Aufsichtsbeh\u00f6rde\/Gewerbebeh\u00f6rde:<\/strong> Bezirkshauptmannschaft Wien\u2028 <strong>Berufsbezeichnung:<\/strong> Musiker \/ Grafiker\u2028 <strong>Verleihungsstaat:<\/strong> \u00d6sterreich\r\n\r\n<strong>Vertretungsbefugte und pers\u00f6nlich haftende Gesellschafter<\/strong> \u2028Mag. Andreas Abraham\r\n\r\n<strong>Beteiligungsverh\u00e4ltnisse<\/strong> \u2028Gesellschafter Mag. Andreas Abraham 99%, Karin Tischler-Abraham 1%\r\n\r\n<strong>Kontaktdaten des Verantwortlichen f\u00fcr Datenschutz<\/strong> \u2028Sollten Sie Fragen zum Datenschutz haben, finden Sie nachfolgend die Kontaktdaten der verantwortlichen Person bzw. Stelle:\u2028farbTon KG\u2028Simmeringer Hauptstra\u00dfe 133, 1110 Wien, \u00d6sterreich\u2028E-Mail-Adresse: <a href=\"applewebdata:\/\/0879776F-9999-47DB-8D8E-2B60E5A34A12\/abraham@farbton.co.at\">abraham@farbton.co.at<\/a> \u2028Telefon: 01\/7488877\u2028Impressum: <a href=\"https:\/\/www.farbton.at\/impressum\/\">https:\/\/www.farbton.at\/impressum\/<\/a>\r\n\r\nQuelle: Erstellt mit dem <a href=\"https:\/\/www.adsimple.at\/impressum-generator\/\">Impressum Generator<\/a> von AdSimple\r\n\r\n<strong>EU-Streitschlichtung<\/strong>\r\n\r\nGem\u00e4\u00df Verordnung \u00fcber Online-Streitbeilegung in Verbraucherangelegenheiten (ODR-Verordnung) m\u00f6chten wir Sie \u00fcber die Online-Streitbeilegungsplattform (OS-Plattform) informieren.\u2028Verbraucher haben die M\u00f6glichkeit, Beschwerden an die Online Streitbeilegungsplattform der Europ\u00e4ischen Kommission unter <a href=\"https:\/\/ec.europa.eu\/consumers\/odr\/main\/index.cfm?event=main.home2.show&lng=DE\">http:\/\/ec.europa.eu\/odr?tid=121763126<\/a> zu richten. Die daf\u00fcr notwendigen Kontaktdaten finden Sie oberhalb in unserem Impressum.\r\n\r\nWir m\u00f6chten Sie jedoch darauf hinweisen, dass wir nicht bereit oder verpflichtet sind, an Streitbeilegungsverfahren vor einer Verbraucherschlichtungsstelle teilzunehmen.\r\n\r\n<strong>Haftung f\u00fcr Inhalte dieser Website<\/strong>\r\n\r\nWir entwickeln die Inhalte dieser Webseite st\u00e4ndig weiter und bem\u00fchen uns korrekte und aktuelle Informationen bereitzustellen. \u00a0Leider k\u00f6nnen wir keine Haftung f\u00fcr die Korrektheit aller Inhalte auf dieser Website \u00fcbernehmen, speziell f\u00fcr jene, die seitens Dritter bereitgestellt wurden. Als Diensteanbieter sind wir nicht verpflichtet, die von ihnen \u00fcbermittelten oder gespeicherten Informationen zu \u00fcberwachen oder nach Umst\u00e4nden zu forschen, die auf eine rechtswidrige T\u00e4tigkeit hinweisen.\r\n\r\nUnsere Verpflichtungen zur Entfernung von Informationen oder zur Sperrung der Nutzung von Informationen nach den allgemeinen Gesetzen aufgrund von gerichtlichen oder beh\u00f6rdlichen Anordnungen bleiben auch im Falle unserer Nichtverantwortlichkeit davon unber\u00fchrt.\r\n\r\nSollten Ihnen problematische oder rechtswidrige Inhalte auffallen, bitte wir Sie uns umgehend zu kontaktieren, damit wir die rechtswidrigen Inhalte entfernen k\u00f6nnen. Sie finden die Kontaktdaten im Impressum.\r\n\r\n<strong>Haftung f\u00fcr Links auf dieser Webseite<\/strong>\r\n\r\nUnsere Webseite enth\u00e4lt Links zu anderen Webseiten f\u00fcr deren Inhalt wir nicht verantwortlich sind. Haftung f\u00fcr verlinkte Websites besteht f\u00fcr uns nicht, da wir keine Kenntnis rechtswidriger T\u00e4tigkeiten hatten und haben, uns solche Rechtswidrigkeiten auch bisher nicht aufgefallen sind und wir Links sofort entfernen w\u00fcrden, wenn uns Rechtswidrigkeiten bekannt werden.\r\n\r\nWenn Ihnen rechtswidrige Links auf unserer Website auffallen, bitte wir Sie uns zu kontaktieren. Sie finden die Kontaktdaten im Impressum.\r\n\r\n<strong>Urheberrechtshinweis<\/strong>\r\n\r\nAlle Inhalte dieser Webseite (Bilder, Fotos, Texte, Videos) unterliegen dem Urheberrecht. Bitte fragen Sie uns bevor Sie die Inhalte dieser Website verbreiten, vervielf\u00e4ltigen oder verwerten wie zum Beispiel auf anderen Websites erneut ver\u00f6ffentlichen. Falls notwendig, werden wir die unerlaubte Nutzung von Teilen der Inhalte unserer Seite rechtlich verfolgen.\r\n\r\nSollten Sie auf dieser Webseite Inhalte finden, die das Urheberrecht verletzen, bitten wir Sie uns zu kontaktieren.\r\n\r\n<strong>Bildernachweis<\/strong>\r\n\r\nDie Bilder, Fotos und Grafiken auf dieser Webseite sind urheberrechtlich gesch\u00fctzt.\r\n\r\nDie Bilderrechte liegen bei den folgenden Fotografen und Unternehmen:\r\n<ul>\r\n \t<li>shutterstock<\/li>\r\n<\/ul>","_et_gb_content_width":"","footnotes":""},"class_list":["post-2780","page","type-page","status-publish","hentry"],"_links":{"self":[{"href":"https:\/\/www.gitarrenunterrichtwien.fun\/index.php\/wp-json\/wp\/v2\/pages\/2780","targetHints":{"allow":["GET"]}}],"collection":[{"href":"https:\/\/www.gitarrenunterrichtwien.fun\/index.php\/wp-json\/wp\/v2\/pages"}],"about":[{"href":"https:\/\/www.gitarrenunterrichtwien.fun\/index.php\/wp-json\/wp\/v2\/types\/page"}],"author":[{"embeddable":true,"href":"https:\/\/www.gitarrenunterrichtwien.fun\/index.php\/wp-json\/wp\/v2\/users\/1"}],"replies":[{"embeddable":true,"href":"https:\/\/www.gitarrenunterrichtwien.fun\/index.php\/wp-json\/wp\/v2\/comments?post=2780"}],"version-history":[{"count":20,"href":"https:\/\/www.gitarrenunterrichtwien.fun\/index.php\/wp-json\/wp\/v2\/pages\/2780\/revisions"}],"predecessor-version":[{"id":3072,"href":"https:\/\/www.gitarrenunterrichtwien.fun\/index.php\/wp-json\/wp\/v2\/pages\/2780\/revisions\/3072"}],"wp:attachment":[{"href":"https:\/\/www.gitarrenunterrichtwien.fun\/index.php\/wp-json\/wp\/v2\/media?parent=2780"}],"curies":[{"name":"wp","href":"https:\/\/api.w.org\/{rel}","templated":true}]}}